{"id":1439,"date":"2025-09-04T10:57:24","date_gmt":"2025-09-04T14:57:24","guid":{"rendered":"https:\/\/northstateacceptance.com\/?page_id=1439"},"modified":"2025-10-31T17:23:58","modified_gmt":"2025-10-31T21:23:58","slug":"realizar-un-pago","status":"publish","type":"page","link":"https:\/\/northstateacceptance.com\/es\/realizar-un-pago\/","title":{"rendered":"Realizar un Pago"},"content":{"rendered":"<p>[et_pb_section bb_built=&#8221;1&#8243; admin_label=&#8221;section&#8221; custom_padding_last_edited=&#8221;on|desktop&#8221; _builder_version=&#8221;4.16&#8243; background_image=&#8221;http:\/\/northstateacceptance.com\/wp-content\/uploads\/2016\/01\/header02.jpg&#8221; custom_padding_tablet=&#8221;50px|0|50px|0&#8243; transparent_background=&#8221;off&#8221; padding_mobile=&#8221;off&#8221; make_fullwidth=&#8221;off&#8221; use_custom_width=&#8221;off&#8221; width_unit=&#8221;on&#8221; global_colors_info=&#8221;{}&#8221; next_background_color=&#8221;#ffffff&#8221;][et_pb_row admin_label=&#8221;row&#8221; padding_mobile=&#8221;off&#8221; column_padding_mobile=&#8221;on&#8221; _builder_version=&#8221;4.16&#8243; background_size=&#8221;initial&#8221; background_position=&#8221;top_left&#8221; background_repeat=&#8221;repeat&#8221; make_fullwidth=&#8221;off&#8221; use_custom_width=&#8221;off&#8221; width_unit=&#8221;on&#8221; global_colors_info=&#8221;{}&#8221;][et_pb_column type=&#8221;4_4&#8243; _builder_version=&#8221;4.16&#8243; custom_padding=&#8221;|||&#8221; global_colors_info=&#8221;{}&#8221; custom_padding__hover=&#8221;|||&#8221;][et_pb_text _builder_version=&#8221;4.27.2&#8243; text_font=&#8221;Open Sans|on|||&#8221; text_font_size=&#8221;40px&#8221; background_size=&#8221;initial&#8221; background_position=&#8221;top_left&#8221; background_repeat=&#8221;repeat&#8221; vertical_offset_tablet=&#8221;0&#8243; horizontal_offset_tablet=&#8221;0&#8243; background_layout=&#8221;dark&#8221; text_font_size_phone=&#8221;20&#8243; text_font_size_last_edited=&#8221;on|phone&#8221; z_index_tablet=&#8221;0&#8243; custom_css_main_element=&#8221;text-shadow: 2px 2px 8px #000000;&#8221; text_text_shadow_horizontal_length_tablet=&#8221;0px&#8221; text_text_shadow_vertical_length_tablet=&#8221;0px&#8221; text_text_shadow_blur_strength_tablet=&#8221;1px&#8221; link_text_shadow_horizontal_length_tablet=&#8221;0px&#8221; link_text_shadow_vertical_length_tablet=&#8221;0px&#8221; link_text_shadow_blur_strength_tablet=&#8221;1px&#8221; ul_text_shadow_horizontal_length_tablet=&#8221;0px&#8221; ul_text_shadow_vertical_length_tablet=&#8221;0px&#8221; ul_text_shadow_blur_strength_tablet=&#8221;1px&#8221; ol_text_shadow_horizontal_length_tablet=&#8221;0px&#8221; ol_text_shadow_vertical_length_tablet=&#8221;0px&#8221; ol_text_shadow_blur_strength_tablet=&#8221;1px&#8221; quote_text_shadow_horizontal_length_tablet=&#8221;0px&#8221; quote_text_shadow_vertical_length_tablet=&#8221;0px&#8221; quote_text_shadow_blur_strength_tablet=&#8221;1px&#8221; header_text_shadow_horizontal_length_tablet=&#8221;0px&#8221; header_text_shadow_vertical_length_tablet=&#8221;0px&#8221; header_text_shadow_blur_strength_tablet=&#8221;1px&#8221; header_2_text_shadow_horizontal_length_tablet=&#8221;0px&#8221; header_2_text_shadow_vertical_length_tablet=&#8221;0px&#8221; header_2_text_shadow_blur_strength_tablet=&#8221;1px&#8221; header_3_text_shadow_horizontal_length_tablet=&#8221;0px&#8221; header_3_text_shadow_vertical_length_tablet=&#8221;0px&#8221; header_3_text_shadow_blur_strength_tablet=&#8221;1px&#8221; header_4_text_shadow_horizontal_length_tablet=&#8221;0px&#8221; header_4_text_shadow_vertical_length_tablet=&#8221;0px&#8221; header_4_text_shadow_blur_strength_tablet=&#8221;1px&#8221; header_5_text_shadow_horizontal_length_tablet=&#8221;0px&#8221; header_5_text_shadow_vertical_length_tablet=&#8221;0px&#8221; header_5_text_shadow_blur_strength_tablet=&#8221;1px&#8221; header_6_text_shadow_horizontal_length_tablet=&#8221;0px&#8221; header_6_text_shadow_vertical_length_tablet=&#8221;0px&#8221; header_6_text_shadow_blur_strength_tablet=&#8221;1px&#8221; box_shadow_horizontal_tablet=&#8221;0px&#8221; box_shadow_vertical_tablet=&#8221;0px&#8221; box_shadow_blur_tablet=&#8221;40px&#8221; box_shadow_spread_tablet=&#8221;0px&#8221; use_border_color=&#8221;off&#8221; border_color=&#8221;#ffffff&#8221; border_style=&#8221;solid&#8221; global_colors_info=&#8221;{}&#8221;]<\/p>\n<p>OPCIONES DE PAGO<\/p>\n<p>[\/et_pb_text][\/et_pb_column][\/et_pb_row][\/et_pb_section][et_pb_section bb_built=&#8221;1&#8243; _builder_version=&#8221;4.27.2&#8243; _module_preset=&#8221;default&#8221; custom_padding=&#8221;||0px||false|false&#8221; global_colors_info=&#8221;{}&#8221; prev_background_color=&#8221;#000000&#8243; next_background_color=&#8221;#000000&#8243;][et_pb_row _builder_version=&#8221;4.27.2&#8243; _module_preset=&#8221;default&#8221; global_colors_info=&#8221;{}&#8221;][et_pb_column type=&#8221;4_4&#8243; _builder_version=&#8221;4.27.2&#8243; _module_preset=&#8221;default&#8221; global_colors_info=&#8221;{}&#8221;][et_pb_heading title=&#8221;Formas de pagar&#8221; _builder_version=&#8221;4.27.2&#8243; _module_preset=&#8221;default&#8221; global_colors_info=&#8221;{}&#8221;]<\/p>\n<p><\/p>\n<p>[\/et_pb_heading][et_pb_text _builder_version=&#8221;4.27.2&#8243; background_size=&#8221;initial&#8221; background_position=&#8221;top_left&#8221; background_repeat=&#8221;repeat&#8221; vertical_offset_tablet=&#8221;0&#8243; horizontal_offset_tablet=&#8221;0&#8243; z_index_tablet=&#8221;0&#8243; text_text_shadow_horizontal_length_tablet=&#8221;0px&#8221; text_text_shadow_vertical_length_tablet=&#8221;0px&#8221; text_text_shadow_blur_strength_tablet=&#8221;1px&#8221; link_text_shadow_horizontal_length_tablet=&#8221;0px&#8221; link_text_shadow_vertical_length_tablet=&#8221;0px&#8221; link_text_shadow_blur_strength_tablet=&#8221;1px&#8221; ul_text_shadow_horizontal_length_tablet=&#8221;0px&#8221; ul_text_shadow_vertical_length_tablet=&#8221;0px&#8221; ul_text_shadow_blur_strength_tablet=&#8221;1px&#8221; ol_text_shadow_horizontal_length_tablet=&#8221;0px&#8221; ol_text_shadow_vertical_length_tablet=&#8221;0px&#8221; ol_text_shadow_blur_strength_tablet=&#8221;1px&#8221; quote_text_shadow_horizontal_length_tablet=&#8221;0px&#8221; quote_text_shadow_vertical_length_tablet=&#8221;0px&#8221; quote_text_shadow_blur_strength_tablet=&#8221;1px&#8221; header_text_shadow_horizontal_length_tablet=&#8221;0px&#8221; header_text_shadow_vertical_length_tablet=&#8221;0px&#8221; header_text_shadow_blur_strength_tablet=&#8221;1px&#8221; header_2_text_shadow_horizontal_length_tablet=&#8221;0px&#8221; header_2_text_shadow_vertical_length_tablet=&#8221;0px&#8221; header_2_text_shadow_blur_strength_tablet=&#8221;1px&#8221; header_3_text_shadow_horizontal_length_tablet=&#8221;0px&#8221; header_3_text_shadow_vertical_length_tablet=&#8221;0px&#8221; header_3_text_shadow_blur_strength_tablet=&#8221;1px&#8221; header_4_text_shadow_horizontal_length_tablet=&#8221;0px&#8221; header_4_text_shadow_vertical_length_tablet=&#8221;0px&#8221; header_4_text_shadow_blur_strength_tablet=&#8221;1px&#8221; header_5_text_shadow_horizontal_length_tablet=&#8221;0px&#8221; header_5_text_shadow_vertical_length_tablet=&#8221;0px&#8221; header_5_text_shadow_blur_strength_tablet=&#8221;1px&#8221; header_6_text_shadow_horizontal_length_tablet=&#8221;0px&#8221; header_6_text_shadow_vertical_length_tablet=&#8221;0px&#8221; header_6_text_shadow_blur_strength_tablet=&#8221;1px&#8221; box_shadow_horizontal_tablet=&#8221;0px&#8221; box_shadow_vertical_tablet=&#8221;0px&#8221; box_shadow_blur_tablet=&#8221;40px&#8221; box_shadow_spread_tablet=&#8221;0px&#8221; use_border_color=&#8221;off&#8221; saved_tabs=&#8221;all&#8221; global_colors_info=&#8221;{}&#8221;]<\/p>\n<p style=\"text-align: left;\"><a href=\"\/payment-options\/\">An English version of this page is available<\/a><\/p>\n<p>Ofrecemos m\u00faltiples formas de realizar sus pagos, ya sea que prefiera la rapidez de las opciones en l\u00ednea, la comodidad de su dispositivo m\u00f3vil o la fiabilidad de los pagos por correo, tel\u00e9fono o en persona. Explore las opciones a continuaci\u00f3n para encontrar el m\u00e9todo que mejor se adapte a sus necesidades.<\/p>\n<p>&nbsp;<\/p>\n<p>[\/et_pb_text][\/et_pb_column][\/et_pb_row][\/et_pb_section][et_pb_section bb_built=&#8221;1&#8243; custom_padding_last_edited=&#8221;on|desktop&#8221; _builder_version=&#8221;4.27.2&#8243; custom_padding=&#8221;0px||150px||false|false&#8221; custom_padding_tablet=&#8221;|0|50px|0|false|false&#8221; custom_padding_phone=&#8221;|0|50px|0|false|false&#8221; transparent_background=&#8221;off&#8221; make_fullwidth=&#8221;off&#8221; use_custom_width=&#8221;off&#8221; width_unit=&#8221;on&#8221; global_colors_info=&#8221;{}&#8221; prev_background_color=&#8221;#000000&#8243;][et_pb_row column_structure=&#8221;3_4,1_4&#8243; _builder_version=&#8221;4.27.2&#8243; background_size=&#8221;initial&#8221; background_position=&#8221;top_left&#8221; background_repeat=&#8221;repeat&#8221; custom_margin=&#8221;0px||||false|false&#8221; custom_padding=&#8221;0px||||false|false&#8221; global_colors_info=&#8221;{}&#8221;][et_pb_column type=&#8221;3_4&#8243; _builder_version=&#8221;4.16&#8243; custom_padding=&#8221;|||&#8221; global_colors_info=&#8221;{}&#8221; custom_padding__hover=&#8221;|||&#8221;][et_pb_accordion icon_color=&#8221;#33b457&#8243; use_icon_font_size=&#8221;on&#8221; icon_font_size=&#8221;20px&#8221; disabled_on=&#8221;off|off|off&#8221; _builder_version=&#8221;4.27.2&#8243; _module_preset=&#8221;default&#8221; toggle_text_color=&#8221;#000000&#8243; toggle_level=&#8221;h3&#8243; toggle_font=&#8221;|600|||||||&#8221; body_text_color=&#8221;#000000&#8243; custom_margin=&#8221;||||false|false&#8221; custom_padding=&#8221;||||false|false&#8221; hover_enabled=&#8221;0&#8243; global_colors_info=&#8221;{}&#8221; sticky_enabled=&#8221;0&#8243; background_pattern_color=&#8221;rgba(0,0,0,0.2)&#8221; background_mask_color=&#8221;#ffffff&#8221; text_shadow_horizontal_length=&#8221;text_shadow_style,%91object Object%93&#8243; text_shadow_horizontal_length_tablet=&#8221;0px&#8221; text_shadow_vertical_length=&#8221;text_shadow_style,%91object Object%93&#8243; text_shadow_vertical_length_tablet=&#8221;0px&#8221; text_shadow_blur_strength=&#8221;text_shadow_style,%91object Object%93&#8243; text_shadow_blur_strength_tablet=&#8221;1px&#8221; toggle_text_shadow_horizontal_length=&#8221;toggle_text_shadow_style,%91object Object%93&#8243; toggle_text_shadow_horizontal_length_tablet=&#8221;0px&#8221; toggle_text_shadow_vertical_length=&#8221;toggle_text_shadow_style,%91object Object%93&#8243; toggle_text_shadow_vertical_length_tablet=&#8221;0px&#8221; toggle_text_shadow_blur_strength=&#8221;toggle_text_shadow_style,%91object Object%93&#8243; toggle_text_shadow_blur_strength_tablet=&#8221;1px&#8221; closed_toggle_text_shadow_horizontal_length=&#8221;closed_toggle_text_shadow_style,%91object Object%93&#8243; closed_toggle_text_shadow_horizontal_length_tablet=&#8221;0px&#8221; closed_toggle_text_shadow_vertical_length=&#8221;closed_toggle_text_shadow_style,%91object Object%93&#8243; closed_toggle_text_shadow_vertical_length_tablet=&#8221;0px&#8221; closed_toggle_text_shadow_blur_strength=&#8221;closed_toggle_text_shadow_style,%91object Object%93&#8243; closed_toggle_text_shadow_blur_strength_tablet=&#8221;1px&#8221; body_text_shadow_horizontal_length=&#8221;body_text_shadow_style,%91object Object%93&#8243; body_text_shadow_horizontal_length_tablet=&#8221;0px&#8221; body_text_shadow_vertical_length=&#8221;body_text_shadow_style,%91object Object%93&#8243; body_text_shadow_vertical_length_tablet=&#8221;0px&#8221; body_text_shadow_blur_strength=&#8221;body_text_shadow_style,%91object Object%93&#8243; body_text_shadow_blur_strength_tablet=&#8221;1px&#8221; body_link_text_shadow_horizontal_length=&#8221;body_link_text_shadow_style,%91object Object%93&#8243; body_link_text_shadow_horizontal_length_tablet=&#8221;0px&#8221; body_link_text_shadow_vertical_length=&#8221;body_link_text_shadow_style,%91object Object%93&#8243; body_link_text_shadow_vertical_length_tablet=&#8221;0px&#8221; body_link_text_shadow_blur_strength=&#8221;body_link_text_shadow_style,%91object Object%93&#8243; body_link_text_shadow_blur_strength_tablet=&#8221;1px&#8221; body_ul_text_shadow_horizontal_length=&#8221;body_ul_text_shadow_style,%91object Object%93&#8243; body_ul_text_shadow_horizontal_length_tablet=&#8221;0px&#8221; body_ul_text_shadow_vertical_length=&#8221;body_ul_text_shadow_style,%91object Object%93&#8243; body_ul_text_shadow_vertical_length_tablet=&#8221;0px&#8221; body_ul_text_shadow_blur_strength=&#8221;body_ul_text_shadow_style,%91object Object%93&#8243; body_ul_text_shadow_blur_strength_tablet=&#8221;1px&#8221; body_ol_text_shadow_horizontal_length=&#8221;body_ol_text_shadow_style,%91object Object%93&#8243; body_ol_text_shadow_horizontal_length_tablet=&#8221;0px&#8221; body_ol_text_shadow_vertical_length=&#8221;body_ol_text_shadow_style,%91object Object%93&#8243; body_ol_text_shadow_vertical_length_tablet=&#8221;0px&#8221; body_ol_text_shadow_blur_strength=&#8221;body_ol_text_shadow_style,%91object Object%93&#8243; body_ol_text_shadow_blur_strength_tablet=&#8221;1px&#8221; body_quote_text_shadow_horizontal_length=&#8221;body_quote_text_shadow_style,%91object Object%93&#8243; body_quote_text_shadow_horizontal_length_tablet=&#8221;0px&#8221; body_quote_text_shadow_vertical_length=&#8221;body_quote_text_shadow_style,%91object Object%93&#8243; body_quote_text_shadow_vertical_length_tablet=&#8221;0px&#8221; body_quote_text_shadow_blur_strength=&#8221;body_quote_text_shadow_style,%91object Object%93&#8243; body_quote_text_shadow_blur_strength_tablet=&#8221;1px&#8221; box_shadow_horizontal_tablet=&#8221;0px&#8221; box_shadow_vertical_tablet=&#8221;0px&#8221; box_shadow_blur_tablet=&#8221;40px&#8221; box_shadow_spread_tablet=&#8221;0px&#8221; vertical_offset_tablet=&#8221;0&#8243; horizontal_offset_tablet=&#8221;0&#8243; z_index_tablet=&#8221;0&#8243;][et_pb_accordion_item open=&#8221;off&#8221; _builder_version=&#8221;4.27.2&#8243; _module_preset=&#8221;default&#8221; custom_css_free_form=&#8221;selector {||  display: none;||}&#8221; global_colors_info=&#8221;{}&#8221; \/][et_pb_accordion_item title=&#8221;Mi Centro de Cuenta&#8221; _builder_version=&#8221;4.27.2&#8243; _module_preset=&#8221;default&#8221; global_colors_info=&#8221;{}&#8221; open=&#8221;off&#8221;]<\/p>\n<p><!-- Mi Centro de Cuenta --><\/p>\n<figure class=\"alignright\"><img src=\"https:\/\/northstateacceptance.com\/wp-content\/uploads\/2025\/09\/GAC-Screen.png\" alt=\"Pantalla de inicio de sesi\u00f3n de Mi Centro de Cuenta\" width=\"300\" loading=\"lazy\" decoding=\"async\"><\/figure>\n<h3>Portal en L\u00ednea de Mi Centro de Cuenta<\/h3>\n<p>\u00a1Le presentamos nuestro portal en l\u00ednea \u2014 Mi Centro de Cuenta!<\/p>\n<p><strong>Inicie sesi\u00f3n en su cuenta para:<\/strong><\/p>\n<ul>\n<li>Realizar un pago \u00fanico o configurar pagos recurrentes<\/li>\n<li>Pagar con tarjeta de d\u00e9bito o cuenta bancaria<\/li>\n<li>Ver informaci\u00f3n en tiempo real de su cuenta, incluyendo historial de pagos, saldo de cuenta, fecha de vencimiento y monto del pago<\/li>\n<li>Obtener una cotizaci\u00f3n de liquidaci\u00f3n<\/li>\n<\/ul>\n<p>\u00bfNo tiene una cuenta? <a href=\"https:\/\/secure.northstateacceptance.com\/#\/home\/login\" target=\"_blank\" rel=\"noopener\">Haga clic aqu\u00ed <\/a>o use el bot\u00f3n <strong>MI CENTRO DE CUENTA<\/strong> en la parte superior de la p\u00e1gina para crear su cuenta hoy mismo.<\/p>\n<p><em>*Nota: Se aplican tarifas de procesamiento de terceros.<\/em><\/p>\n<p><em>*Debe tener una cuenta para realizar un pago. Si tiene problemas para crear su cuenta, comun\u00edquese con su oficina local para obtener ayuda.<\/em><\/p>\n<p>[\/et_pb_accordion_item][et_pb_accordion_item title=&#8221;M\u00f3vil&#8221; _builder_version=&#8221;4.27.2&#8243; _module_preset=&#8221;default&#8221; global_colors_info=&#8221;{}&#8221; open=&#8221;off&#8221;]<\/p>\n<p><!-- M\u00f3vil --><\/p>\n<figure class=\"aligncenter\"><img src=\"https:\/\/northstateacceptance.com\/wp-content\/uploads\/2025\/09\/Coming-Soon.png\" alt=\"Ilustraci\u00f3n pr\u00f3ximamente\" width=\"300\" loading=\"lazy\" decoding=\"async\" style=\"display: block; margin-left: auto; margin-right: auto;\"><\/figure>\n<h3 style=\"text-align: center;\">\u00a1Opciones m\u00f3viles pr\u00f3ximamente!<\/h3>\n<p style=\"text-align: center;\">Vuelva m\u00e1s tarde para ver actualizaciones.<\/p>\n<p>[\/et_pb_accordion_item][et_pb_accordion_item title=&#8221;Por Correo o Tel\u00e9fono&#8221; _builder_version=&#8221;4.27.2&#8243; _module_preset=&#8221;default&#8221; global_colors_info=&#8221;{}&#8221; open=&#8221;off&#8221;]<\/p>\n<p><!-- Por Correo o Tel\u00e9fono --><\/p>\n<h3>\n  <img src=\"https:\/\/northstateacceptance.com\/wp-content\/uploads\/2025\/09\/Mail-Icon.png\" alt=\"\u00cdcono de correo\" width=\"200\" loading=\"lazy\" decoding=\"async\" style=\"font-size: 16px; display: block; margin-left: auto; margin-right: auto;\"><br \/>\n<\/h3>\n<h3>Env\u00ede su pago por correo<\/h3>\n<ul>\n<li>Puede enviar su pago a la sucursal de North State donde se origin\u00f3 su pr\u00e9stamo.<\/li>\n<li><a href=\"https:\/\/northstateacceptance.com\/about-north-state-acceptance\/\" target=\"_blank\" rel=\"noopener\">Haga clic aqu\u00ed<\/a> para ver las ubicaciones de las oficinas e informaci\u00f3n.<\/li>\n<li>Por favor, env\u00ede \u00fanicamente cheques o giros postales \u2014 no env\u00ede efectivo.<\/li>\n<\/ul>\n<p><em>*Los pagos enviados por correo no est\u00e1n sujetos a una tarifa de terceros.<\/em><\/p>\n<hr>\n<h3>\n  <img src=\"https:\/\/northstateacceptance.com\/wp-content\/uploads\/2025\/09\/Phone-Icon.png\" alt=\"\u00cdcono de tel\u00e9fono\" width=\"200\" loading=\"lazy\" decoding=\"async\" style=\"font-size: 16px; font-weight: 400; display: block; margin-left: auto; margin-right: auto;\"><br \/>\n<\/h3>\n<h3>Pague por Tel\u00e9fono<\/h3>\n<ul>\n<li>Puede llamar a su sucursal local para realizar un pago con su tarjeta de d\u00e9bito o cuenta bancaria.<\/li>\n<li>El pago por tel\u00e9fono mediante un n\u00famero automatizado de procesamiento de pagos no est\u00e1 disponible actualmente, pero estar\u00e1 disponible pr\u00f3ximamente.<\/li>\n<\/ul>\n<p><em>*Nota: Se aplican tarifas de procesamiento de terceros.<\/em><\/p>\n<p>[\/et_pb_accordion_item][et_pb_accordion_item title=&#8221;En Persona&#8221; _builder_version=&#8221;4.27.2&#8243; _module_preset=&#8221;default&#8221; hover_enabled=&#8221;0&#8243; global_colors_info=&#8221;{}&#8221; open=&#8221;on&#8221; sticky_enabled=&#8221;0&#8243;]<\/p>\n<p><!-- En Persona --><\/p>\n<figure class=\"alignright\"><img src=\"https:\/\/northstateacceptance.com\/wp-content\/uploads\/2025\/09\/Open-Sign.png\" alt=\"Ilustraci\u00f3n de letrero abierto\" width=\"300\" loading=\"lazy\" decoding=\"async\"><\/figure>\n<h3>\u00a1Venga, nos encantar\u00eda verle!<\/h3>\n<p>Usted es bienvenido a pasar por cualquier ubicaci\u00f3n y realizar un pago.<\/p>\n<p>Los m\u00e9todos de pago incluyen efectivo, tarjeta de d\u00e9bito, cheque y giro postal.<\/p>\n<p><em>*Los pagos realizados en la oficina no est\u00e1n sujetos a una tarifa de terceros.<\/em><\/p>\n<p><em><\/em><\/p>\n<p><em><\/em><\/p>\n<p><strong>UBICACIONES DE SUCURSALES<\/strong><\/p>\n<p style=\"padding-bottom: 0px;\">North Carolina<\/p>\n<ul>\n<li><a href=\"\/branch-locations\/gastonia\">Gastonia, NC<\/a><\/li>\n<li><a href=\"http:\/\/northstateacceptance.com\/branch-locations\/goldsboro\/\">Goldsboro, NC<\/a><\/li>\n<li><a href=\"\/branch-locations\/kernersville\">Kernersville, NC<\/a><\/li>\n<li><a href=\"\/branch-locations\/raleigh\">Raleigh, NC<\/a><\/li>\n<li><a href=\"\/branch-locations\/smithfield\">Smithfield, NC<\/a><\/li>\n<li><a href=\"\/branch-locations\/wilmington\">Wilmington, NC<\/a><\/li>\n<li><a href=\"https:\/\/northstateacceptance.com\/branch-locations\/shallotte\">Shallotte, NC<\/a><\/li>\n<li><a href=\"https:\/\/northstateacceptance.com\/branch-locations\/morehead-city\">Morehead City, NC<\/a><\/li>\n<\/ul>\n<p style=\"padding-bottom: 0px;\">South Carolina<\/p>\n<ul>\n<li><a href=\"https:\/\/northstateacceptance.com\/branch-locations\/charleston\/\">North Charleston, SC<\/a><\/li>\n<\/ul>\n<p style=\"padding-bottom: 0px;\">Tennessee<\/p>\n<ul>\n<li><a href=\"\/branch-locations\/bristol\">Bristol, TN<\/a><\/li>\n<\/ul>\n<p>[\/et_pb_accordion_item][\/et_pb_accordion][\/et_pb_column][et_pb_column type=&#8221;1_4&#8243; _builder_version=&#8221;4.16&#8243; custom_padding=&#8221;|||&#8221; global_colors_info=&#8221;{}&#8221; custom_padding__hover=&#8221;|||&#8221;][et_pb_text _builder_version=&#8221;4.27.2&#8243; background_size=&#8221;initial&#8221; background_position=&#8221;top_left&#8221; background_repeat=&#8221;repeat&#8221; vertical_offset_tablet=&#8221;0&#8243; horizontal_offset_tablet=&#8221;0&#8243; z_index_tablet=&#8221;0&#8243; text_text_shadow_horizontal_length_tablet=&#8221;0px&#8221; text_text_shadow_vertical_length_tablet=&#8221;0px&#8221; text_text_shadow_blur_strength_tablet=&#8221;1px&#8221; link_text_shadow_horizontal_length_tablet=&#8221;0px&#8221; link_text_shadow_vertical_length_tablet=&#8221;0px&#8221; link_text_shadow_blur_strength_tablet=&#8221;1px&#8221; ul_text_shadow_horizontal_length_tablet=&#8221;0px&#8221; ul_text_shadow_vertical_length_tablet=&#8221;0px&#8221; ul_text_shadow_blur_strength_tablet=&#8221;1px&#8221; ol_text_shadow_horizontal_length_tablet=&#8221;0px&#8221; ol_text_shadow_vertical_length_tablet=&#8221;0px&#8221; ol_text_shadow_blur_strength_tablet=&#8221;1px&#8221; quote_text_shadow_horizontal_length_tablet=&#8221;0px&#8221; quote_text_shadow_vertical_length_tablet=&#8221;0px&#8221; quote_text_shadow_blur_strength_tablet=&#8221;1px&#8221; header_text_shadow_horizontal_length_tablet=&#8221;0px&#8221; header_text_shadow_vertical_length_tablet=&#8221;0px&#8221; header_text_shadow_blur_strength_tablet=&#8221;1px&#8221; header_2_text_shadow_horizontal_length_tablet=&#8221;0px&#8221; header_2_text_shadow_vertical_length_tablet=&#8221;0px&#8221; header_2_text_shadow_blur_strength_tablet=&#8221;1px&#8221; header_3_text_shadow_horizontal_length_tablet=&#8221;0px&#8221; header_3_text_shadow_vertical_length_tablet=&#8221;0px&#8221; header_3_text_shadow_blur_strength_tablet=&#8221;1px&#8221; header_4_text_shadow_horizontal_length_tablet=&#8221;0px&#8221; header_4_text_shadow_vertical_length_tablet=&#8221;0px&#8221; header_4_text_shadow_blur_strength_tablet=&#8221;1px&#8221; header_5_text_shadow_horizontal_length_tablet=&#8221;0px&#8221; header_5_text_shadow_vertical_length_tablet=&#8221;0px&#8221; header_5_text_shadow_blur_strength_tablet=&#8221;1px&#8221; header_6_text_shadow_horizontal_length_tablet=&#8221;0px&#8221; header_6_text_shadow_vertical_length_tablet=&#8221;0px&#8221; header_6_text_shadow_blur_strength_tablet=&#8221;1px&#8221; box_shadow_horizontal_tablet=&#8221;0px&#8221; box_shadow_vertical_tablet=&#8221;0px&#8221; box_shadow_blur_tablet=&#8221;40px&#8221; box_shadow_spread_tablet=&#8221;0px&#8221; use_border_color=&#8221;off&#8221; global_colors_info=&#8221;{}&#8221;]<\/p>\n<h2>UBICACIONES DE SUCURSALES<\/h2>\n<p style=\"padding-bottom: 0px;\"><strong>North Carolina<\/strong><\/p>\n<ul>\n<li><a href=\"\/branch-locations\/gastonia\">Gastonia, NC<\/a><\/li>\n<li><a href=\"http:\/\/northstateacceptance.com\/branch-locations\/goldsboro\/\">Goldsboro, NC<\/a><\/li>\n<li><a href=\"\/branch-locations\/kernersville\">Kernersville, NC<\/a><\/li>\n<li><a href=\"\/branch-locations\/raleigh\">Raleigh, NC<\/a><\/li>\n<li><a href=\"\/branch-locations\/smithfield\">Smithfield, NC<\/a><\/li>\n<li><a href=\"\/branch-locations\/wilmington\">Wilmington, NC<\/a><\/li>\n<li><a href=\"https:\/\/northstateacceptance.com\/branch-locations\/shallotte\">Shallotte, NC<\/a><\/li>\n<li><a href=\"https:\/\/northstateacceptance.com\/branch-locations\/morehead-city\">Morehead City, NC<\/a><\/li>\n<\/ul>\n<p style=\"padding-bottom: 0px;\"><strong>South Carolina<\/strong><\/p>\n<ul>\n<li><a href=\"https:\/\/northstateacceptance.com\/branch-locations\/charleston\/\">North Charleston, SC<\/a><\/li>\n<\/ul>\n<p style=\"padding-bottom: 0px;\"><strong>Tennessee<\/strong><\/p>\n<ul>\n<li><a href=\"\/branch-locations\/bristol\">Bristol, TN<\/a><\/li>\n<\/ul>\n<p>[\/et_pb_text][\/et_pb_column][\/et_pb_row][\/et_pb_section]<\/p>\n","protected":false},"excerpt":{"rendered":"<p>OPCIONES DE PAGO An English version of this page is available Ofrecemos m\u00faltiples formas de realizar sus pagos, ya sea que prefiera la rapidez de las opciones en l\u00ednea, la comodidad de su dispositivo m\u00f3vil o la fiabilidad de los pagos por correo, tel\u00e9fono o en persona. Explore las opciones a continuaci\u00f3n para encontrar el [&hellip;]<\/p>\n","protected":false},"author":22,"featured_media":0,"parent":0,"menu_order":3,"comment_status":"closed","ping_status":"closed","template":"","meta":{"_et_pb_use_builder":"on","_et_pb_old_content":"","_et_gb_content_width":"","footnotes":""},"class_list":["post-1439","page","type-page","status-publish","hentry"],"_links":{"self":[{"href":"https:\/\/northstateacceptance.com\/es\/wp-json\/wp\/v2\/pages\/1439","targetHints":{"allow":["GET"]}}],"collection":[{"href":"https:\/\/northstateacceptance.com\/es\/wp-json\/wp\/v2\/pages"}],"about":[{"href":"https:\/\/northstateacceptance.com\/es\/wp-json\/wp\/v2\/types\/page"}],"author":[{"embeddable":true,"href":"https:\/\/northstateacceptance.com\/es\/wp-json\/wp\/v2\/users\/22"}],"replies":[{"embeddable":true,"href":"https:\/\/northstateacceptance.com\/es\/wp-json\/wp\/v2\/comments?post=1439"}],"version-history":[{"count":11,"href":"https:\/\/northstateacceptance.com\/es\/wp-json\/wp\/v2\/pages\/1439\/revisions"}],"predecessor-version":[{"id":1503,"href":"https:\/\/northstateacceptance.com\/es\/wp-json\/wp\/v2\/pages\/1439\/revisions\/1503"}],"wp:attachment":[{"href":"https:\/\/northstateacceptance.com\/es\/wp-json\/wp\/v2\/media?parent=1439"}],"curies":[{"name":"wp","href":"https:\/\/api.w.org\/{rel}","templated":true}]}}