{"id":78,"date":"2023-06-05T19:58:12","date_gmt":"2023-06-05T23:58:12","guid":{"rendered":"http:\/\/northstateacceptance.com\/?page_id=78"},"modified":"2025-10-31T17:43:33","modified_gmt":"2025-10-31T21:43:33","slug":"payment-options","status":"publish","type":"page","link":"https:\/\/northstateacceptance.com\/es\/payment-options\/","title":{"rendered":"PAYMENT OPTIONS"},"content":{"rendered":"<p>[et_pb_section bb_built=&#8221;1&#8243; admin_label=&#8221;section&#8221; custom_padding_last_edited=&#8221;on|desktop&#8221; _builder_version=&#8221;4.27.2&#8243; background_image=&#8221;http:\/\/northstateacceptance.com\/wp-content\/uploads\/2016\/01\/header02.jpg&#8221; custom_padding_tablet=&#8221;50px|0|50px|0&#8243; transparent_background=&#8221;off&#8221; padding_mobile=&#8221;off&#8221; make_fullwidth=&#8221;off&#8221; use_custom_width=&#8221;off&#8221; width_unit=&#8221;on&#8221; global_colors_info=&#8221;{}&#8221; next_background_color=&#8221;#ffffff&#8221;][et_pb_row admin_label=&#8221;row&#8221; padding_mobile=&#8221;off&#8221; column_padding_mobile=&#8221;on&#8221; _builder_version=&#8221;4.27.2&#8243; background_size=&#8221;initial&#8221; background_position=&#8221;top_left&#8221; background_repeat=&#8221;repeat&#8221; make_fullwidth=&#8221;off&#8221; use_custom_width=&#8221;off&#8221; width_unit=&#8221;on&#8221; global_colors_info=&#8221;{}&#8221;][et_pb_column type=&#8221;4_4&#8243; _builder_version=&#8221;4.16&#8243; custom_padding=&#8221;|||&#8221; global_colors_info=&#8221;{}&#8221; custom_padding__hover=&#8221;|||&#8221;][et_pb_text _builder_version=&#8221;4.27.2&#8243; text_font=&#8221;Open Sans|on|||&#8221; text_font_size=&#8221;40px&#8221; background_size=&#8221;initial&#8221; background_position=&#8221;top_left&#8221; background_repeat=&#8221;repeat&#8221; vertical_offset_tablet=&#8221;0&#8243; horizontal_offset_tablet=&#8221;0&#8243; background_layout=&#8221;dark&#8221; text_font_size_phone=&#8221;20&#8243; text_font_size_last_edited=&#8221;on|phone&#8221; z_index_tablet=&#8221;0&#8243; custom_css_main_element=&#8221;text-shadow: 2px 2px 8px #000000;&#8221; text_text_shadow_horizontal_length_tablet=&#8221;0px&#8221; text_text_shadow_vertical_length_tablet=&#8221;0px&#8221; text_text_shadow_blur_strength_tablet=&#8221;1px&#8221; link_text_shadow_horizontal_length_tablet=&#8221;0px&#8221; link_text_shadow_vertical_length_tablet=&#8221;0px&#8221; link_text_shadow_blur_strength_tablet=&#8221;1px&#8221; ul_text_shadow_horizontal_length_tablet=&#8221;0px&#8221; ul_text_shadow_vertical_length_tablet=&#8221;0px&#8221; ul_text_shadow_blur_strength_tablet=&#8221;1px&#8221; ol_text_shadow_horizontal_length_tablet=&#8221;0px&#8221; ol_text_shadow_vertical_length_tablet=&#8221;0px&#8221; ol_text_shadow_blur_strength_tablet=&#8221;1px&#8221; quote_text_shadow_horizontal_length_tablet=&#8221;0px&#8221; quote_text_shadow_vertical_length_tablet=&#8221;0px&#8221; quote_text_shadow_blur_strength_tablet=&#8221;1px&#8221; header_text_shadow_horizontal_length_tablet=&#8221;0px&#8221; header_text_shadow_vertical_length_tablet=&#8221;0px&#8221; header_text_shadow_blur_strength_tablet=&#8221;1px&#8221; header_2_text_shadow_horizontal_length_tablet=&#8221;0px&#8221; header_2_text_shadow_vertical_length_tablet=&#8221;0px&#8221; header_2_text_shadow_blur_strength_tablet=&#8221;1px&#8221; header_3_text_shadow_horizontal_length_tablet=&#8221;0px&#8221; header_3_text_shadow_vertical_length_tablet=&#8221;0px&#8221; header_3_text_shadow_blur_strength_tablet=&#8221;1px&#8221; header_4_text_shadow_horizontal_length_tablet=&#8221;0px&#8221; header_4_text_shadow_vertical_length_tablet=&#8221;0px&#8221; header_4_text_shadow_blur_strength_tablet=&#8221;1px&#8221; header_5_text_shadow_horizontal_length_tablet=&#8221;0px&#8221; header_5_text_shadow_vertical_length_tablet=&#8221;0px&#8221; header_5_text_shadow_blur_strength_tablet=&#8221;1px&#8221; header_6_text_shadow_horizontal_length_tablet=&#8221;0px&#8221; header_6_text_shadow_vertical_length_tablet=&#8221;0px&#8221; header_6_text_shadow_blur_strength_tablet=&#8221;1px&#8221; box_shadow_horizontal_tablet=&#8221;0px&#8221; box_shadow_vertical_tablet=&#8221;0px&#8221; box_shadow_blur_tablet=&#8221;40px&#8221; box_shadow_spread_tablet=&#8221;0px&#8221; use_border_color=&#8221;off&#8221; border_color=&#8221;#ffffff&#8221; border_style=&#8221;solid&#8221; global_colors_info=&#8221;{}&#8221;]<\/p>\n<p>PAYMENT OPTIONS<\/p>\n<p>[\/et_pb_text][\/et_pb_column][\/et_pb_row][\/et_pb_section][et_pb_section bb_built=&#8221;1&#8243; _builder_version=&#8221;4.27.2&#8243; _module_preset=&#8221;default&#8221; custom_padding=&#8221;||0px||false|false&#8221; global_colors_info=&#8221;{}&#8221; prev_background_color=&#8221;#000000&#8243; next_background_color=&#8221;#000000&#8243;][et_pb_row _builder_version=&#8221;4.27.2&#8243; _module_preset=&#8221;default&#8221; global_colors_info=&#8221;{}&#8221;][et_pb_column type=&#8221;4_4&#8243; _builder_version=&#8221;4.27.2&#8243; _module_preset=&#8221;default&#8221; global_colors_info=&#8221;{}&#8221;][et_pb_heading title=&#8221;Ways to Pay&#8221; _builder_version=&#8221;4.27.2&#8243; _module_preset=&#8221;default&#8221; global_colors_info=&#8221;{}&#8221;]<\/p>\n<p>[\/et_pb_heading][et_pb_text _builder_version=&#8221;4.27.2&#8243; background_size=&#8221;initial&#8221; background_position=&#8221;top_left&#8221; background_repeat=&#8221;repeat&#8221; vertical_offset_tablet=&#8221;0&#8243; horizontal_offset_tablet=&#8221;0&#8243; z_index_tablet=&#8221;0&#8243; text_text_shadow_horizontal_length_tablet=&#8221;0px&#8221; text_text_shadow_vertical_length_tablet=&#8221;0px&#8221; text_text_shadow_blur_strength_tablet=&#8221;1px&#8221; link_text_shadow_horizontal_length_tablet=&#8221;0px&#8221; link_text_shadow_vertical_length_tablet=&#8221;0px&#8221; link_text_shadow_blur_strength_tablet=&#8221;1px&#8221; ul_text_shadow_horizontal_length_tablet=&#8221;0px&#8221; ul_text_shadow_vertical_length_tablet=&#8221;0px&#8221; ul_text_shadow_blur_strength_tablet=&#8221;1px&#8221; ol_text_shadow_horizontal_length_tablet=&#8221;0px&#8221; ol_text_shadow_vertical_length_tablet=&#8221;0px&#8221; ol_text_shadow_blur_strength_tablet=&#8221;1px&#8221; quote_text_shadow_horizontal_length_tablet=&#8221;0px&#8221; quote_text_shadow_vertical_length_tablet=&#8221;0px&#8221; quote_text_shadow_blur_strength_tablet=&#8221;1px&#8221; header_text_shadow_horizontal_length_tablet=&#8221;0px&#8221; header_text_shadow_vertical_length_tablet=&#8221;0px&#8221; header_text_shadow_blur_strength_tablet=&#8221;1px&#8221; header_2_text_shadow_horizontal_length_tablet=&#8221;0px&#8221; header_2_text_shadow_vertical_length_tablet=&#8221;0px&#8221; header_2_text_shadow_blur_strength_tablet=&#8221;1px&#8221; header_3_text_shadow_horizontal_length_tablet=&#8221;0px&#8221; header_3_text_shadow_vertical_length_tablet=&#8221;0px&#8221; header_3_text_shadow_blur_strength_tablet=&#8221;1px&#8221; header_4_text_shadow_horizontal_length_tablet=&#8221;0px&#8221; header_4_text_shadow_vertical_length_tablet=&#8221;0px&#8221; header_4_text_shadow_blur_strength_tablet=&#8221;1px&#8221; header_5_text_shadow_horizontal_length_tablet=&#8221;0px&#8221; header_5_text_shadow_vertical_length_tablet=&#8221;0px&#8221; header_5_text_shadow_blur_strength_tablet=&#8221;1px&#8221; header_6_text_shadow_horizontal_length_tablet=&#8221;0px&#8221; header_6_text_shadow_vertical_length_tablet=&#8221;0px&#8221; header_6_text_shadow_blur_strength_tablet=&#8221;1px&#8221; box_shadow_horizontal_tablet=&#8221;0px&#8221; box_shadow_vertical_tablet=&#8221;0px&#8221; box_shadow_blur_tablet=&#8221;40px&#8221; box_shadow_spread_tablet=&#8221;0px&#8221; use_border_color=&#8221;off&#8221; saved_tabs=&#8221;all&#8221; global_colors_info=&#8221;{}&#8221;]<\/p>\n<p style=\"text-align: left;\"><a href=\"\/realizar-un-pago\/\">Una versi\u00f3n en ingl\u00e9s de esta p\u00e1gina est\u00e1 disponible<\/a><\/p>\n<p>We offer multiple ways to make your payment- whether you prefer the speed of online options, the convenience of mobile, or the reliability of mail, phone, and in person payments. Explore the options below to find the method that works best for you.<\/p>\n<p>&nbsp;<\/p>\n<p>[\/et_pb_text][\/et_pb_column][\/et_pb_row][\/et_pb_section][et_pb_section bb_built=&#8221;1&#8243; custom_padding_last_edited=&#8221;on|desktop&#8221; _builder_version=&#8221;4.27.2&#8243; custom_padding=&#8221;0px||150px||false|false&#8221; custom_padding_tablet=&#8221;|0|50px|0|false|false&#8221; transparent_background=&#8221;off&#8221; make_fullwidth=&#8221;off&#8221; use_custom_width=&#8221;off&#8221; width_unit=&#8221;on&#8221; global_colors_info=&#8221;{}&#8221; prev_background_color=&#8221;#000000&#8243;][et_pb_row column_structure=&#8221;3_4,1_4&#8243; _builder_version=&#8221;4.27.2&#8243; background_size=&#8221;initial&#8221; background_position=&#8221;top_left&#8221; background_repeat=&#8221;repeat&#8221; custom_margin=&#8221;0px||||false|false&#8221; custom_padding=&#8221;0px||||false|false&#8221; global_colors_info=&#8221;{}&#8221;][et_pb_column type=&#8221;3_4&#8243; _builder_version=&#8221;4.16&#8243; custom_padding=&#8221;|||&#8221; global_colors_info=&#8221;{}&#8221; custom_padding__hover=&#8221;|||&#8221;][et_pb_accordion icon_color=&#8221;#33b457&#8243; use_icon_font_size=&#8221;on&#8221; icon_font_size=&#8221;20px&#8221; disabled_on=&#8221;off|off|off&#8221; _builder_version=&#8221;4.27.2&#8243; _module_preset=&#8221;default&#8221; toggle_text_color=&#8221;#000000&#8243; toggle_level=&#8221;h3&#8243; toggle_font=&#8221;|600|||||||&#8221; body_text_color=&#8221;#000000&#8243; custom_margin=&#8221;||||false|false&#8221; custom_padding=&#8221;||||false|false&#8221; hover_enabled=&#8221;0&#8243; global_colors_info=&#8221;{}&#8221; sticky_enabled=&#8221;0&#8243; background_pattern_color=&#8221;rgba(0,0,0,0.2)&#8221; background_mask_color=&#8221;#ffffff&#8221; text_shadow_horizontal_length=&#8221;text_shadow_style,%91object Object%93&#8243; text_shadow_horizontal_length_tablet=&#8221;0px&#8221; text_shadow_vertical_length=&#8221;text_shadow_style,%91object Object%93&#8243; text_shadow_vertical_length_tablet=&#8221;0px&#8221; text_shadow_blur_strength=&#8221;text_shadow_style,%91object Object%93&#8243; text_shadow_blur_strength_tablet=&#8221;1px&#8221; toggle_text_shadow_horizontal_length=&#8221;toggle_text_shadow_style,%91object Object%93&#8243; toggle_text_shadow_horizontal_length_tablet=&#8221;0px&#8221; toggle_text_shadow_vertical_length=&#8221;toggle_text_shadow_style,%91object Object%93&#8243; toggle_text_shadow_vertical_length_tablet=&#8221;0px&#8221; toggle_text_shadow_blur_strength=&#8221;toggle_text_shadow_style,%91object Object%93&#8243; toggle_text_shadow_blur_strength_tablet=&#8221;1px&#8221; closed_toggle_text_shadow_horizontal_length=&#8221;closed_toggle_text_shadow_style,%91object Object%93&#8243; closed_toggle_text_shadow_horizontal_length_tablet=&#8221;0px&#8221; closed_toggle_text_shadow_vertical_length=&#8221;closed_toggle_text_shadow_style,%91object Object%93&#8243; closed_toggle_text_shadow_vertical_length_tablet=&#8221;0px&#8221; closed_toggle_text_shadow_blur_strength=&#8221;closed_toggle_text_shadow_style,%91object Object%93&#8243; closed_toggle_text_shadow_blur_strength_tablet=&#8221;1px&#8221; body_text_shadow_horizontal_length=&#8221;body_text_shadow_style,%91object Object%93&#8243; body_text_shadow_horizontal_length_tablet=&#8221;0px&#8221; body_text_shadow_vertical_length=&#8221;body_text_shadow_style,%91object Object%93&#8243; body_text_shadow_vertical_length_tablet=&#8221;0px&#8221; body_text_shadow_blur_strength=&#8221;body_text_shadow_style,%91object Object%93&#8243; body_text_shadow_blur_strength_tablet=&#8221;1px&#8221; body_link_text_shadow_horizontal_length=&#8221;body_link_text_shadow_style,%91object Object%93&#8243; body_link_text_shadow_horizontal_length_tablet=&#8221;0px&#8221; body_link_text_shadow_vertical_length=&#8221;body_link_text_shadow_style,%91object Object%93&#8243; body_link_text_shadow_vertical_length_tablet=&#8221;0px&#8221; body_link_text_shadow_blur_strength=&#8221;body_link_text_shadow_style,%91object Object%93&#8243; body_link_text_shadow_blur_strength_tablet=&#8221;1px&#8221; body_ul_text_shadow_horizontal_length=&#8221;body_ul_text_shadow_style,%91object Object%93&#8243; body_ul_text_shadow_horizontal_length_tablet=&#8221;0px&#8221; body_ul_text_shadow_vertical_length=&#8221;body_ul_text_shadow_style,%91object Object%93&#8243; body_ul_text_shadow_vertical_length_tablet=&#8221;0px&#8221; body_ul_text_shadow_blur_strength=&#8221;body_ul_text_shadow_style,%91object Object%93&#8243; body_ul_text_shadow_blur_strength_tablet=&#8221;1px&#8221; body_ol_text_shadow_horizontal_length=&#8221;body_ol_text_shadow_style,%91object Object%93&#8243; body_ol_text_shadow_horizontal_length_tablet=&#8221;0px&#8221; body_ol_text_shadow_vertical_length=&#8221;body_ol_text_shadow_style,%91object Object%93&#8243; body_ol_text_shadow_vertical_length_tablet=&#8221;0px&#8221; body_ol_text_shadow_blur_strength=&#8221;body_ol_text_shadow_style,%91object Object%93&#8243; body_ol_text_shadow_blur_strength_tablet=&#8221;1px&#8221; body_quote_text_shadow_horizontal_length=&#8221;body_quote_text_shadow_style,%91object Object%93&#8243; body_quote_text_shadow_horizontal_length_tablet=&#8221;0px&#8221; body_quote_text_shadow_vertical_length=&#8221;body_quote_text_shadow_style,%91object Object%93&#8243; body_quote_text_shadow_vertical_length_tablet=&#8221;0px&#8221; body_quote_text_shadow_blur_strength=&#8221;body_quote_text_shadow_style,%91object Object%93&#8243; body_quote_text_shadow_blur_strength_tablet=&#8221;1px&#8221; box_shadow_horizontal_tablet=&#8221;0px&#8221; box_shadow_vertical_tablet=&#8221;0px&#8221; box_shadow_blur_tablet=&#8221;40px&#8221; box_shadow_spread_tablet=&#8221;0px&#8221; vertical_offset_tablet=&#8221;0&#8243; horizontal_offset_tablet=&#8221;0&#8243; z_index_tablet=&#8221;0&#8243;][et_pb_accordion_item open=&#8221;off&#8221; _builder_version=&#8221;4.27.2&#8243; _module_preset=&#8221;default&#8221; custom_css_free_form=&#8221;selector {||  display: none;||}&#8221; global_colors_info=&#8221;{}&#8221; \/][et_pb_accordion_item title=&#8221;My Account Center&#8221; _builder_version=&#8221;4.27.2&#8243; _module_preset=&#8221;default&#8221; global_colors_info=&#8221;{}&#8221; open=&#8221;off&#8221;]<\/p>\n<p><!-- My Account Center --><\/p>\n<figure class=\"alignright\"><img src=\"https:\/\/northstateacceptance.com\/wp-content\/uploads\/2025\/09\/GAC-Screen.png\" alt=\"My Account Center login screen\" width=\"300\" height=\"\" loading=\"lazy\" decoding=\"async\"><\/figure>\n<h3>My Account Center Online Portal<\/h3>\n<p>Introducing our online portal &#8211; My Account Center!<\/p>\n<p><strong>Log in to your account to:<\/strong><\/p>\n<ul>\n<li>Make a one\u2011time payment or set up recurring payments<\/li>\n<li>Pay via debit card or bank account<\/li>\n<li>View real\u2011time account information including payment history, account balance, due date, and payment amount<\/li>\n<li>Obtain a payoff quote<\/li>\n<\/ul>\n<p>Don\u2019t have an account? <a href=\"https:\/\/secure.northstateacceptance.com\/#\/home\/login\" target=\"_blank\" rel=\"noopener\">Click here<\/a> or use the <strong>MY ACCOUNT CENTER<\/strong> button at the top of the page to create your account today!<\/p>\n<p><em>*Note: 3rd party payment processing fees apply.<\/em><\/p>\n<p><em>*You must have a login to make a payment. If you are having issues creating your account, please contact your local office for assistance.<\/em><\/p>\n<p>[\/et_pb_accordion_item][et_pb_accordion_item title=&#8221;Mobile&#8221; _builder_version=&#8221;4.27.2&#8243; _module_preset=&#8221;default&#8221; global_colors_info=&#8221;{}&#8221; open=&#8221;off&#8221;]<\/p>\n<p><!-- Mobile --><\/p>\n<figure class=\"aligncenter\"><img src=\"https:\/\/northstateacceptance.com\/wp-content\/uploads\/2025\/09\/Coming-Soon.png\" alt=\"Coming soon illustration\" width=\"300\" height=\"\" loading=\"lazy\" decoding=\"async\" style=\"display: block; margin-left: auto; margin-right: auto;\"><\/figure>\n<h3 style=\"text-align: center;\">Mobile options coming soon!<\/h3>\n<p style=\"text-align: center;\">Check back later for updates.<\/p>\n<p>[\/et_pb_accordion_item][et_pb_accordion_item title=&#8221;By Mail or Phone&#8221; _builder_version=&#8221;4.27.2&#8243; _module_preset=&#8221;default&#8221; global_colors_info=&#8221;{}&#8221; open=&#8221;off&#8221;]<\/p>\n<p><!-- By Mail or Phone --><\/p>\n<h3><img src=\"https:\/\/northstateacceptance.com\/wp-content\/uploads\/2025\/09\/Mail-Icon.png\" alt=\"Mail icon\" width=\"200\" height=\"\" loading=\"lazy\" decoding=\"async\" style=\"font-size: 16px; display: block; margin-left: auto; margin-right: auto;\"><\/h3>\n<h3>Mail in your payment<\/h3>\n<ul>\n<li>You may mail your payment to the North State branch that originated your loan.<\/li>\n<li><a href=\"https:\/\/northstateacceptance.com\/about-north-state-acceptance\/\" target=\"_blank\" rel=\"noopener\">Click here<\/a> for office locations and information.<\/li>\n<li>Please only send checks or Money Orders &#8211; do not mail cash.<\/li>\n<\/ul>\n<p><em>*Mailed\u2011in payments are not subject to a 3rd party fee.<\/em><\/p>\n<p><em><\/em><\/p>\n<p><em><\/em><\/p>\n<hr>\n<h3><\/h3>\n<h3><img src=\"https:\/\/northstateacceptance.com\/wp-content\/uploads\/2025\/09\/Phone-Icon.png\" alt=\"Phone icon\" width=\"200\" height=\"\" loading=\"lazy\" decoding=\"async\" style=\"font-size: 16px; font-weight: 400; display: block; margin-left: auto; margin-right: auto;\"><\/h3>\n<h3>Pay by Phone<\/h3>\n<ul>\n<li>You may call your local branch to make a payment using your debit card or bank account.<\/li>\n<li>Payment by phone using an automated payment processing number is currently unavailable but is coming soon.<\/li>\n<\/ul>\n<p><em>*Note: 3rd party payment processing fees apply.<\/em><\/p>\n<p>[\/et_pb_accordion_item][et_pb_accordion_item title=&#8221;In Person&#8221; _builder_version=&#8221;4.27.2&#8243; _module_preset=&#8221;default&#8221; hover_enabled=&#8221;0&#8243; global_colors_info=&#8221;{}&#8221; open=&#8221;on&#8221; sticky_enabled=&#8221;0&#8243;]<\/p>\n<p><!-- In Person --><\/p>\n<figure class=\"alignright\"><img src=\"https:\/\/northstateacceptance.com\/wp-content\/uploads\/2025\/09\/Open-Sign.png\" alt=\"Open sign illustration\" width=\"300\" loading=\"lazy\" decoding=\"async\"><\/figure>\n<h3>Come on in, we would love to see you!<\/h3>\n<p>You are welcome to stop by any location and make a payment.<\/p>\n<p>Payment methods include cash, debit card, check, and Money Order.<\/p>\n<p><em>*Payments made in office are not subject to a 3rd party fee.<\/em><\/p>\n<p><em><\/em><\/p>\n<p><em><\/em><\/p>\n<p><strong>BRANCH LOCATIONS<\/strong><\/p>\n<p style=\"padding-bottom: 0px;\">North Carolina<\/p>\n<ul>\n<li><a href=\"\/branch-locations\/gastonia\">Gastonia, NC<\/a><\/li>\n<li><a href=\"http:\/\/northstateacceptance.com\/branch-locations\/goldsboro\/\">Goldsboro, NC<\/a><\/li>\n<li><a href=\"\/branch-locations\/kernersville\">Kernersville, NC<\/a><\/li>\n<li><a href=\"\/branch-locations\/raleigh\">Raleigh, NC<\/a><\/li>\n<li><a href=\"\/branch-locations\/smithfield\">Smithfield, NC<\/a><\/li>\n<li><a href=\"\/branch-locations\/wilmington\">Wilmington, NC<\/a><\/li>\n<li><a href=\"https:\/\/northstateacceptance.com\/branch-locations\/shallotte\">Shallotte, NC<\/a><\/li>\n<li><a href=\"https:\/\/northstateacceptance.com\/branch-locations\/morehead-city\">Morehead City, NC<\/a><\/li>\n<\/ul>\n<p style=\"padding-bottom: 0px;\">South Carolina<\/p>\n<ul>\n<li><a href=\"https:\/\/northstateacceptance.com\/branch-locations\/charleston\/\">North Charleston, SC<\/a><\/li>\n<\/ul>\n<p style=\"padding-bottom: 0px;\">Tennessee<\/p>\n<ul>\n<li><a href=\"\/branch-locations\/bristol\">Bristol, TN<\/a><\/li>\n<\/ul>\n<p>[\/et_pb_accordion_item][\/et_pb_accordion][\/et_pb_column][et_pb_column type=&#8221;1_4&#8243; _builder_version=&#8221;4.16&#8243; custom_padding=&#8221;|||&#8221; global_colors_info=&#8221;{}&#8221; custom_padding__hover=&#8221;|||&#8221;][et_pb_text _builder_version=&#8221;4.27.2&#8243; background_size=&#8221;initial&#8221; background_position=&#8221;top_left&#8221; background_repeat=&#8221;repeat&#8221; vertical_offset_tablet=&#8221;0&#8243; horizontal_offset_tablet=&#8221;0&#8243; hover_enabled=&#8221;0&#8243; z_index_tablet=&#8221;0&#8243; text_text_shadow_horizontal_length_tablet=&#8221;0px&#8221; text_text_shadow_vertical_length_tablet=&#8221;0px&#8221; text_text_shadow_blur_strength_tablet=&#8221;1px&#8221; link_text_shadow_horizontal_length_tablet=&#8221;0px&#8221; link_text_shadow_vertical_length_tablet=&#8221;0px&#8221; link_text_shadow_blur_strength_tablet=&#8221;1px&#8221; ul_text_shadow_horizontal_length_tablet=&#8221;0px&#8221; ul_text_shadow_vertical_length_tablet=&#8221;0px&#8221; ul_text_shadow_blur_strength_tablet=&#8221;1px&#8221; ol_text_shadow_horizontal_length_tablet=&#8221;0px&#8221; ol_text_shadow_vertical_length_tablet=&#8221;0px&#8221; ol_text_shadow_blur_strength_tablet=&#8221;1px&#8221; quote_text_shadow_horizontal_length_tablet=&#8221;0px&#8221; quote_text_shadow_vertical_length_tablet=&#8221;0px&#8221; quote_text_shadow_blur_strength_tablet=&#8221;1px&#8221; header_text_shadow_horizontal_length_tablet=&#8221;0px&#8221; header_text_shadow_vertical_length_tablet=&#8221;0px&#8221; header_text_shadow_blur_strength_tablet=&#8221;1px&#8221; header_2_text_shadow_horizontal_length_tablet=&#8221;0px&#8221; header_2_text_shadow_vertical_length_tablet=&#8221;0px&#8221; header_2_text_shadow_blur_strength_tablet=&#8221;1px&#8221; header_3_text_shadow_horizontal_length_tablet=&#8221;0px&#8221; header_3_text_shadow_vertical_length_tablet=&#8221;0px&#8221; header_3_text_shadow_blur_strength_tablet=&#8221;1px&#8221; header_4_text_shadow_horizontal_length_tablet=&#8221;0px&#8221; header_4_text_shadow_vertical_length_tablet=&#8221;0px&#8221; header_4_text_shadow_blur_strength_tablet=&#8221;1px&#8221; header_5_text_shadow_horizontal_length_tablet=&#8221;0px&#8221; header_5_text_shadow_vertical_length_tablet=&#8221;0px&#8221; header_5_text_shadow_blur_strength_tablet=&#8221;1px&#8221; header_6_text_shadow_horizontal_length_tablet=&#8221;0px&#8221; header_6_text_shadow_vertical_length_tablet=&#8221;0px&#8221; header_6_text_shadow_blur_strength_tablet=&#8221;1px&#8221; box_shadow_horizontal_tablet=&#8221;0px&#8221; box_shadow_vertical_tablet=&#8221;0px&#8221; box_shadow_blur_tablet=&#8221;40px&#8221; box_shadow_spread_tablet=&#8221;0px&#8221; use_border_color=&#8221;off&#8221; global_colors_info=&#8221;{}&#8221; sticky_enabled=&#8221;0&#8243;]<\/p>\n<h2>BRANCH LOCATIONS<\/h2>\n<p style=\"padding-bottom: 0px;\"><strong>North Carolina<\/strong><\/p>\n<ul>\n<li><a href=\"\/branch-locations\/gastonia\">Gastonia, NC<\/a><\/li>\n<li><a href=\"http:\/\/northstateacceptance.com\/branch-locations\/goldsboro\/\">Goldsboro, NC<\/a><\/li>\n<li><a href=\"\/branch-locations\/kernersville\">Kernersville, NC<\/a><\/li>\n<li><a href=\"\/branch-locations\/raleigh\">Raleigh, NC<\/a><\/li>\n<li><a href=\"\/branch-locations\/smithfield\">Smithfield, NC<\/a><\/li>\n<li><a href=\"\/branch-locations\/wilmington\">Wilmington, NC<\/a><\/li>\n<li><a href=\"https:\/\/northstateacceptance.com\/branch-locations\/shallotte\">Shallotte, NC<\/a><\/li>\n<li><a href=\"https:\/\/northstateacceptance.com\/branch-locations\/morehead-city\">Morehead City, NC<\/a><\/li>\n<\/ul>\n<p style=\"padding-bottom: 0px;\"><strong>South Carolina<\/strong><\/p>\n<ul>\n<li><a href=\"https:\/\/northstateacceptance.com\/branch-locations\/charleston\/\">North Charleston, SC<\/a><\/li>\n<\/ul>\n<p style=\"padding-bottom: 0px;\"><strong>Tennessee<\/strong><\/p>\n<ul>\n<li><a href=\"\/branch-locations\/bristol\">Bristol, TN<\/a><\/li>\n<\/ul>\n<p>[\/et_pb_text][\/et_pb_column][\/et_pb_row][\/et_pb_section]<\/p>\n","protected":false},"excerpt":{"rendered":"<p>PAYMENT OPTIONS Una versi\u00f3n en ingl\u00e9s de esta p\u00e1gina est\u00e1 disponible We offer multiple ways to make your payment- whether you prefer the speed of online options, the convenience of mobile, or the reliability of mail, phone, and in person payments. Explore the options below to find the method that works best for you. &nbsp; [&hellip;]<\/p>\n","protected":false},"author":1,"featured_media":0,"parent":0,"menu_order":3,"comment_status":"closed","ping_status":"closed","template":"","meta":{"_et_pb_use_builder":"on","_et_pb_old_content":"","_et_gb_content_width":"","footnotes":""},"class_list":["post-78","page","type-page","status-publish","hentry"],"_links":{"self":[{"href":"https:\/\/northstateacceptance.com\/es\/wp-json\/wp\/v2\/pages\/78","targetHints":{"allow":["GET"]}}],"collection":[{"href":"https:\/\/northstateacceptance.com\/es\/wp-json\/wp\/v2\/pages"}],"about":[{"href":"https:\/\/northstateacceptance.com\/es\/wp-json\/wp\/v2\/types\/page"}],"author":[{"embeddable":true,"href":"https:\/\/northstateacceptance.com\/es\/wp-json\/wp\/v2\/users\/1"}],"replies":[{"embeddable":true,"href":"https:\/\/northstateacceptance.com\/es\/wp-json\/wp\/v2\/comments?post=78"}],"version-history":[{"count":62,"href":"https:\/\/northstateacceptance.com\/es\/wp-json\/wp\/v2\/pages\/78\/revisions"}],"predecessor-version":[{"id":1505,"href":"https:\/\/northstateacceptance.com\/es\/wp-json\/wp\/v2\/pages\/78\/revisions\/1505"}],"wp:attachment":[{"href":"https:\/\/northstateacceptance.com\/es\/wp-json\/wp\/v2\/media?parent=78"}],"curies":[{"name":"wp","href":"https:\/\/api.w.org\/{rel}","templated":true}]}}